{"id":999,"date":"2021-03-14T01:16:19","date_gmt":"2021-03-14T06:16:19","guid":{"rendered":"https:\/\/staging.cosnim.com\/?page_id=999"},"modified":"2023-09-20T12:36:41","modified_gmt":"2023-09-20T16:36:41","slug":"privacy","status":"publish","type":"page","link":"https:\/\/cosnim.com\/fr\/privacy\/","title":{"rendered":"Politique de confidentialit\u00e9"},"content":{"rendered":"<div data-elementor-type=\"wp-page\" data-elementor-id=\"999\" class=\"elementor elementor-999\" data-elementor-settings=\"[]\">\n\t\t\t\t\t\t\t<div class=\"elementor-section-wrap\">\n\t\t\t\t\t\t\t<section class=\"elementor-section elementor-top-section elementor-element elementor-element-1f1ae32 elementor-section-boxed elementor-section-height-default elementor-section-height-default\" data-id=\"1f1ae32\" data-element_type=\"section\">\n\t\t\t\t\t\t<div class=\"elementor-container elementor-column-gap-default\">\n\t\t\t\t\t<div class=\"elementor-column elementor-col-100 elementor-top-column elementor-element elementor-element-49e983e\" data-id=\"49e983e\" data-element_type=\"column\">\n\t\t\t<div class=\"elementor-widget-wrap elementor-element-populated\">\n\t\t\t\t\t\t\t\t<div class=\"elementor-element elementor-element-59e0629 elementor-widget elementor-widget-text-editor\" data-id=\"59e0629\" data-element_type=\"widget\" data-widget_type=\"text-editor.default\">\n\t\t\t\t<div class=\"elementor-widget-container\">\n\t\t\t\t\t<div class=\"elementor-text-editor elementor-clearfix\"><p style=\"margin: 0in 0in 8pt; line-height: 15.693333625793457px; font-size: 11pt; text-align: center;\" align=\"center\"><span style=\"font-size: 16pt; line-height: 22.82666778564453px;\">&nbsp;<\/span><\/p>\n<p style=\"margin: 0in 0in 8pt; line-height: 15.693333625793457px; font-size: 11pt; text-align: center;\" align=\"center\"><span style=\"font-weight: bold;\"><span style=\"font-size: 16pt; line-height: 22.82666778564453px;\">Politique de confidentialit\u00e9 du site web de Cosnim<\/span><\/span><\/p>\n<p style=\"margin: 0in 0in 8pt; line-height: 15.693333625793457px; font-size: 11pt; text-align: center;\" align=\"center\"><span style=\"font-weight: bold;\"><span style=\"font-size: 16pt; line-height: 22.82666778564453px;\">Last updated September 20<span style=\"font-size: 16px; line-height: 0; position: relative; vertical-align: baseline; top: -0.5em;\">th<\/span>, 2023<\/span><\/span><\/p>\n<p style=\"margin: 0in 0in 8pt; line-height: 15.693333625793457px; font-size: 11pt; text-align: justify;\">\n<\/p><p style=\"margin: 0in 0in 8pt; line-height: 15.693333625793457px; font-size: 11pt; text-align: justify;\">Cette politique de confidentialit\u00e9 (\"politique\") vous aidera \u00e0 comprendre comment Cosnim Cloud Technologies (\"nous\", \"nous\", \"notre\") utilise et prot\u00e8ge les donn\u00e9es que vous nous fournissez lorsque vous visitez et utilisez notre site web en ligne (\"site web\", \"service\") ou lorsque vous nous contactez.<\/p>\n<p style=\"margin: 0in 0in 8pt; line-height: 15.693333625793457px; font-size: 11pt; text-align: justify;\">Nous nous r\u00e9servons le droit de modifier cette politique \u00e0 tout moment, ce dont vous serez rapidement inform\u00e9. Si vous voulez \u00eatre s\u00fbr d'\u00eatre au courant des derniers changements, nous vous conseillons de consulter fr\u00e9quemment cette page.<\/p>\n<p style=\"margin: 0in 0in 8pt; line-height: 15.693333625793457px; font-size: 11pt; text-align: justify;\"><span style=\"font-weight: bold;\">Quelles sont les donn\u00e9es d'utilisateur que nous recueillons ?<\/span><\/p>\n<p style=\"margin: 0in 0in 8pt; line-height: 15.693333625793457px; font-size: 11pt; text-align: justify;\" class=\" translation-block\">Lorsque vous visitez notre site web, nos serveurs pourraient collecter et enregistrer des informations telles que votre adresse IP, les informations de contact et l'adresse \u00e9lectronique que vous pouvez partager avec nous, le profil des donn\u00e9es concernant votre comportement en ligne sur notre site web et d'autres informations telles que les pr\u00e9f\u00e9rences du site.<\/p>\n<p style=\"margin: 0in 0in 8pt; line-height: 15.693333625793457px; font-size: 11pt; text-align: justify;\"><span style=\"font-weight: bold;\">Pourquoi nous recueillons ces donn\u00e9es ?<\/span><\/p>\n<p style=\"margin: 0in 0in 8pt; line-height: 15.693333625793457px; font-size: 11pt; text-align: justify;\" class=\" translation-block\">Nous collectons vos donn\u00e9es pour assurer le bon fonctionnement de notre site web, pour mieux comprendre vos besoins, pour am\u00e9liorer nos services et nos produits, pour personnaliser notre site web en fonction de votre comportement en ligne et de vos pr\u00e9f\u00e9rences personnelles et, si vous nous communiquez votre adresse \u00e9lectronique et que vous nous en donnez le droit, pour vous envoyer des courriels promotionnels contenant des informations que nous pensons susceptibles de vous int\u00e9resser ou pour vous proposer de participer \u00e0 des enqu\u00eates ou \u00e0 d'autres types d'\u00e9tudes de march\u00e9.<\/p>\n<p><span style=\"font-weight: bold; font-size: 11pt; text-align: justify;\">Avec qui partageons-nous vos donn\u00e9es ?<\/span><\/p>\n<p style=\"margin: 0in 0in 8pt; line-height: 15.693333625793457px; font-size: 11pt; text-align: justify;\">Si vous nous fournissez votre adresse \u00e9lectronique et d'autres informations personnelles, nous pouvons partager ces informations avec des tiers afin de vous fournir des services, par exemple pour vous envoyer des bulletins d'information, pour vous inviter \u00e0 des enqu\u00eates sur nos produits ou services, ou pour g\u00e9rer notre relation. Soyez assur\u00e9 que nous ne louons pas, ne vendons pas et ne distribuons pas vos informations personnelles \u00e0 d'autres tiers \u00e0 d'autres fins.<\/p>\n<p style=\"margin: 0in 0in 8pt; line-height: 15.693333625793457px; font-size: 11pt; text-align: justify;\"><span style=\"font-weight: bold;\">Sauvegarde et s\u00e9curisation des donn\u00e9es<\/span><\/p>\n<p style=\"margin: 0in 0in 8pt; line-height: 15.693333625793457px; font-size: 11pt; text-align: justify;\">Nous nous engageons \u00e0 s\u00e9curiser vos donn\u00e9es et \u00e0 les garder strictement confidentielles. Nous faisons tout ce qui est en notre pouvoir pour emp\u00eacher le vol, l'acc\u00e8s non autoris\u00e9 et la divulgation des donn\u00e9es en mettant en \u0153uvre les technologies et les logiciels les plus r\u00e9cents, qui nous aident \u00e0 prot\u00e9ger toutes les informations que nous recueillons en ligne.<\/p>\n<p style=\"margin: 0in 0in 8pt; line-height: 15.693333625793457px; font-size: 11pt; text-align: justify;\"><span style=\"font-weight: bold;\">Notre politique en mati\u00e8re de cookies<\/span><\/p>\n<p style=\"margin: 0in 0in 8pt; line-height: 15.693333625793457px; text-align: justify;\" class=\" translation-block\">Nous croyons en votre vie priv\u00e9e et n'utilisons pas de cookies \u00e0 des fins de suivi en dehors de notre site web et nous ne partageons pas ces informations avec des tiers. Les cookies sont strictement utilis\u00e9s pour personnaliser votre exp\u00e9rience sur notre site web et \u00e9ventuellement mesurer les pages que vous trouvez utiles afin que nous puissions vous offrir une meilleure exp\u00e9rience. Si vous souhaitez d\u00e9sactiver les cookies, vous pouvez le faire librement en acc\u00e9dant aux param\u00e8tres de votre navigateur internet et cela n'affectera pas votre exp\u00e9rience sur notre site web.<\/p>\n<p style=\"margin: 0in 0in 8pt; line-height: 15.693333625793457px; font-size: 11pt; text-align: justify;\"><span style=\"font-weight: bold;\">Mesure du trafic sur le site web<\/span><\/p>\n<p style=\"margin: 0in 0in 8pt; line-height: 15.693333625793457px; font-size: 11pt; text-align: justify;\">Notre site web peut contenir des liens vers d'autres sites web, des balises web, des pixels et d'autres technologies similaires pour collecter des informations anonymes sur vos visites sur notre site web. Nous n'utilisons que des services qui ne collectent pas d'informations personnelles, tels que les services d'analyse des visiteurs conformes au GDPR. Nous utilisons les informations collect\u00e9es par ces services uniquement pour mieux comprendre le trafic sur notre site web et optimiser son utilit\u00e9.<\/p>\n<p style=\"margin: 0in 0in 8pt; line-height: 15.693333625793457px; font-size: 11pt; text-align: justify;\"><span style=\"font-weight: bold;\">Liens vers d'autres sites web<\/span><\/p>\n<p style=\"margin: 0in 0in 8pt; line-height: 15.693333625793457px; font-size: 11pt; text-align: justify;\">Notre site web peut contenir des liens vers d'autres sites web en dehors de cosnim.com. Si vous cliquez sur ces liens, nous ne pouvons \u00eatre tenus responsables de la protection de vos donn\u00e9es et de votre vie priv\u00e9e. La visite de ces sites web n'est pas r\u00e9gie par le pr\u00e9sent accord sur la politique de confidentialit\u00e9. Veillez \u00e0 lire la documentation relative \u00e0 la politique de confidentialit\u00e9 du site web sur lequel vous vous rendez \u00e0 partir de notre site web.<\/p>\n<p style=\"margin: 0in 0in 8pt; line-height: 15.693333625793457px; font-size: 11pt; text-align: justify;\"><span style=\"font-weight: bold;\">Limiter la collecte et l'utilisation de vos donn\u00e9es personnelles<\/span><\/p>\n<p style=\"margin: 0in 0in 8pt; line-height: 15.693333625793457px; font-size: 11pt; text-align: justify;\">Il peut arriver que vous souhaitiez restreindre l'utilisation de vos donn\u00e9es personnelles ou demander \u00e0 les oublier. Dans ce cas, veuillez nous contacter par courrier \u00e9lectronique ou par l'interm\u00e9diaire de notre formulaire de contact et nous nous ferons un plaisir de r\u00e9pondre \u00e0 votre demande dans les limites des technologies actuelles et de nos autres obligations l\u00e9gales.<\/p>\n<p style=\"margin: 0in 0in 8pt; line-height: 15.693333625793457px; font-size: 11pt; text-align: justify;\"><span style=\"font-weight: bold;\">Contact<\/span><\/p>\n<p style=\"margin: 0in 0in 8pt; line-height: 15.693333625793457px; font-size: 11pt; text-align: justify;\">Pour toute question relative \u00e0 la protection de la vie priv\u00e9e, vous pouvez nous contacter directement \u00e0 l'adresse suivante : privacy@cosnim.com<\/p>\n<p style=\"margin: 0in 0in 8pt; line-height: 15.693333625793457px; font-size: 11pt; text-align: justify;\">\n<\/p><p style=\"margin: 0in 0in 8pt; line-height: 15.693333625793457px; font-size: 11pt; text-align: justify;\">\n<\/p><\/div>\n\t\t\t\t<\/div>\n\t\t\t\t<\/div>\n\t\t\t\t\t<\/div>\n\t\t<\/div>\n\t\t\t\t\t\t\t<\/div>\n\t\t<\/section>\n\t\t\t\t\t\t<\/div>\n\t\t\t\t\t<\/div>","protected":false},"excerpt":{"rendered":"<p>&nbsp; Cosnim Website Privacy Policy Last updated September 20th, 2023 This privacy policy (&#8220;policy&#8221;) will help you understand how Cosnim Cloud Technologies (&#8220;us&#8221;, &#8220;we&#8221;, &#8220;our&#8221;) uses and protects the data you provide to us when you visit and use our online website (&#8220;website&#8221;, &#8220;service&#8221;) or when you contact us. We reserve the right to change [&hellip;]<\/p>","protected":false},"author":1,"featured_media":0,"parent":0,"menu_order":0,"comment_status":"closed","ping_status":"closed","template":"","meta":[],"_links":{"self":[{"href":"https:\/\/cosnim.com\/fr\/wp-json\/wp\/v2\/pages\/999"}],"collection":[{"href":"https:\/\/cosnim.com\/fr\/wp-json\/wp\/v2\/pages"}],"about":[{"href":"https:\/\/cosnim.com\/fr\/wp-json\/wp\/v2\/types\/page"}],"author":[{"embeddable":true,"href":"https:\/\/cosnim.com\/fr\/wp-json\/wp\/v2\/users\/1"}],"replies":[{"embeddable":true,"href":"https:\/\/cosnim.com\/fr\/wp-json\/wp\/v2\/comments?post=999"}],"version-history":[{"count":37,"href":"https:\/\/cosnim.com\/fr\/wp-json\/wp\/v2\/pages\/999\/revisions"}],"predecessor-version":[{"id":2425,"href":"https:\/\/cosnim.com\/fr\/wp-json\/wp\/v2\/pages\/999\/revisions\/2425"}],"wp:attachment":[{"href":"https:\/\/cosnim.com\/fr\/wp-json\/wp\/v2\/media?parent=999"}],"curies":[{"name":"wp","href":"https:\/\/api.w.org\/{rel}","templated":true}]}}